{"id":3,"date":"2024-05-11T14:54:26","date_gmt":"2024-05-11T14:54:26","guid":{"rendered":"http:\/\/sztuka-remontu.pl\/?page_id=3"},"modified":"2024-05-16T12:19:43","modified_gmt":"2024-05-16T12:19:43","slug":"privacy-policy","status":"publish","type":"page","link":"https:\/\/sztuka-remontu.pl\/?page_id=3","title":{"rendered":"Polityka Prywatno\u015bci \u2013 Sztuka Remontu"},"content":{"rendered":"\n<h2 class=\"wp-block-heading\"><strong>Polityka Prywatno\u015bci \u2013 Sztuka Remontu<\/strong><\/h2>\n\n\n\n<h3 class=\"wp-block-heading\">Kim jeste\u015bmy<\/h3>\n\n\n\n<p>Adres naszej strony internetowej to: <a href=\"http:\/\/sztuka-remontu.pl\/\">http:\/\/sztuka-remontu.pl<\/a>.<\/p>\n\n\n\n<h3 class=\"wp-block-heading\">Jakie dane osobowe zbieramy i dlaczego je zbieramy<\/h3>\n\n\n\n<h4 class=\"wp-block-heading\">Komentarze<\/h4>\n\n\n\n<p>Kiedy odwiedzaj\u0105cy zostawiaj\u0105 komentarze na stronie, zbieramy dane widoczne w formularzu komentarzy, a tak\u017ce adres IP odwiedzaj\u0105cego i ci\u0105g agenta u\u017cytkownika przegl\u0105darki w celu u\u0142atwienia wykrywania spamu.<\/p>\n\n\n\n<p>Anonimowy ci\u0105g znak\u00f3w utworzony z Twojego adresu e-mail (zwany r\u00f3wnie\u017c hashem) mo\u017ce by\u0107 przekazany do us\u0142ugi Gravatar, aby sprawdzi\u0107, czy z niej korzystasz. Polityka prywatno\u015bci us\u0142ugi Gravatar jest dost\u0119pna tutaj: <a href=\"https:\/\/automattic.com\/privacy\/\">https:\/\/automattic.com\/privacy\/<\/a>. Po zatwierdzeniu Twojego komentarza, Twoje zdj\u0119cie profilowe jest widoczne publicznie w kontek\u015bcie Twojego komentarza.<\/p>\n\n\n\n<h4 class=\"wp-block-heading\">Media<\/h4>\n\n\n\n<p>Je\u015bli przesy\u0142asz obrazy na stron\u0119 internetow\u0105, powiniene\u015b unika\u0107 przesy\u0142ania obraz\u00f3w z osadzonymi danymi lokalizacyjnymi (EXIF GPS). Odwiedzaj\u0105cy stron\u0119 mog\u0105 pobra\u0107 i wyodr\u0119bni\u0107 wszelkie dane lokalizacyjne z obraz\u00f3w na stronie.<\/p>\n\n\n\n<h4 class=\"wp-block-heading\">Pliki cookie<\/h4>\n\n\n\n<p>Je\u015bli zostawisz komentarz na naszej stronie, mo\u017cesz zdecydowa\u0107 si\u0119 na zapisanie swojego imienia, adresu e-mail i strony internetowej w plikach cookie. S\u0105 one dla Twojej wygody, aby\u015b nie musia\u0142 ponownie wype\u0142nia\u0107 swoich danych, gdy zostawisz kolejny komentarz. Te pliki cookie b\u0119d\u0105 przechowywane przez jeden rok.<\/p>\n\n\n\n<h4 class=\"wp-block-heading\">Osadzone tre\u015bci z innych witryn<\/h4>\n\n\n\n<p>Artyku\u0142y na tej stronie mog\u0105 zawiera\u0107 osadzone tre\u015bci (np. filmy, obrazy, artyku\u0142y itp.). Osadzone tre\u015bci z innych witryn zachowuj\u0105 si\u0119 dok\u0142adnie tak samo, jakby odwiedzaj\u0105cy odwiedzi\u0142 inn\u0105 witryn\u0119.<\/p>\n\n\n\n<p>Te witryny mog\u0105 zbiera\u0107 dane o Tobie, u\u017cywa\u0107 plik\u00f3w cookie, osadza\u0107 dodatkowe \u015bledzenie przez strony trzecie i monitorowa\u0107 Twoj\u0105 interakcj\u0119 z osadzon\u0105 tre\u015bci\u0105, w tym \u015bledzi\u0107 Twoj\u0105 interakcj\u0119 z osadzon\u0105 tre\u015bci\u0105, je\u015bli masz konto i jeste\u015b zalogowany na tej witrynie.<\/p>\n\n\n\n<h3 class=\"wp-block-heading\">Z kim dzielimy si\u0119 Twoimi danymi<\/h3>\n\n\n\n<p>Je\u015bli poprosisz o zresetowanie has\u0142a, Tw\u00f3j adres IP zostanie do\u0142\u0105czony do wiadomo\u015bci e-mail z resetem.<\/p>\n\n\n\n<h3 class=\"wp-block-heading\">Jak d\u0142ugo przechowujemy Twoje dane<\/h3>\n\n\n\n<p>Je\u015bli zostawisz komentarz, komentarz i jego metadane s\u0105 przechowywane bezterminowo. Dzi\u0119ki temu mo\u017cemy automatycznie rozpoznawa\u0107 i zatwierdza\u0107 wszelkie komentarze nast\u0119pcze, zamiast trzyma\u0107 je w kolejce moderacji.<\/p>\n\n\n\n<h3 class=\"wp-block-heading\">Jakie masz prawa do swoich danych<\/h3>\n\n\n\n<p>Je\u015bli zostawi\u0142e\u015b komentarze na tej stronie, mo\u017cesz za\u017c\u0105da\u0107 otrzymania pliku eksportu danych osobowych, kt\u00f3re przechowujemy na Tw\u00f3j temat, w tym wszelkich danych, kt\u00f3re nam dostarczy\u0142e\u015b. Mo\u017cesz r\u00f3wnie\u017c za\u017c\u0105da\u0107, aby\u015bmy usun\u0119li wszelkie dane osobowe, kt\u00f3re przechowujemy na Tw\u00f3j temat. Nie obejmuje to \u017cadnych danych, kt\u00f3re jeste\u015bmy zobowi\u0105zani przechowywa\u0107 w celach administracyjnych, prawnych lub bezpiecze\u0144stwa.<\/p>\n\n\n\n<h3 class=\"wp-block-heading\">Gdzie wysy\u0142amy Twoje dane<\/h3>\n\n\n\n<p>Komentarze odwiedzaj\u0105cych mog\u0105 by\u0107 sprawdzane za pomoc\u0105 automatycznej us\u0142ugi wykrywania spamu.<\/p>\n\n\n\n<h3 class=\"wp-block-heading\">Dodatkowe informacje<\/h3>\n\n\n\n<h4 class=\"wp-block-heading\">Jak chronimy Twoje dane<\/h4>\n\n\n\n<p>Dane osobowe s\u0105 chronione za pomoc\u0105 odpowiednich \u015brodk\u00f3w technicznych i organizacyjnych, aby zapobiec nieautoryzowanemu dost\u0119powi, ujawnieniu, zmianie lub zniszczeniu.<\/p>\n\n\n\n<h4 class=\"wp-block-heading\">Jakie procedury wprowadzili\u015bmy w przypadku naruszenia danych<\/h4>\n\n\n\n<p>W przypadku naruszenia danych osobowych, informujemy odpowiednie organy nadzorcze oraz u\u017cytkownik\u00f3w, kt\u00f3rych dane dotycz\u0105, zgodnie z obowi\u0105zuj\u0105cymi przepisami prawa.<\/p>\n\n\n\n<h4 class=\"wp-block-heading\">Z jakich \u017ar\u00f3de\u0142 pochodz\u0105 dane<\/h4>\n\n\n\n<p>Dane, kt\u00f3re przetwarzamy, pochodz\u0105 bezpo\u015brednio od u\u017cytkownik\u00f3w naszej strony internetowej.<\/p>\n\n\n\n<h4 class=\"wp-block-heading\">Informacje kontaktowe<\/h4>\n\n\n\n<p>W razie pyta\u0144 dotycz\u0105cych polityki prywatno\u015bci, prosimy o kontakt pod adresem e-mail: dompawlaczyk@gmail.com.<\/p>\n","protected":false},"excerpt":{"rendered":"<p>Polityka Prywatno\u015bci \u2013 Sztuka Remontu Kim jeste\u015bmy Adres naszej strony internetowej to: http:\/\/sztuka-remontu.pl. Jakie dane osobowe zbieramy i dlaczego je [&hellip;]<\/p>\n","protected":false},"author":1,"featured_media":0,"parent":0,"menu_order":0,"comment_status":"closed","ping_status":"open","template":"","meta":{"_uag_custom_page_level_css":"","site-sidebar-layout":"default","site-content-layout":"","ast-site-content-layout":"default","site-content-style":"default","site-sidebar-style":"default","ast-global-header-display":"","ast-banner-title-visibility":"","ast-main-header-display":"","ast-hfb-above-header-display":"","ast-hfb-below-header-display":"","ast-hfb-mobile-header-display":"","site-post-title":"disabled","ast-breadcrumbs-content":"","ast-featured-img":"","footer-sml-layout":"","theme-transparent-header-meta":"","adv-header-id-meta":"","stick-header-meta":"","header-above-stick-meta":"","header-main-stick-meta":"","header-below-stick-meta":"","astra-migrate-meta-layouts":"set","ast-page-background-enabled":"default","ast-page-background-meta":{"desktop":{"background-color":"var(--ast-global-color-4)","background-image":"","background-repeat":"repeat","background-position":"center center","background-size":"auto","background-attachment":"scroll","background-type":"","background-media":"","overlay-type":"","overlay-color":"","overlay-gradient":""},"tablet":{"background-color":"","background-image":"","background-repeat":"repeat","background-position":"center center","background-size":"auto","background-attachment":"scroll","background-type":"","background-media":"","overlay-type":"","overlay-color":"","overlay-gradient":""},"mobile":{"background-color":"","background-image":"","background-repeat":"repeat","background-position":"center center","background-size":"auto","background-attachment":"scroll","background-type":"","background-media":"","overlay-type":"","overlay-color":"","overlay-gradient":""}},"ast-content-background-meta":{"desktop":{"background-color":"var(--ast-global-color-5)","background-image":"","background-repeat":"repeat","background-position":"center center","background-size":"auto","background-attachment":"scroll","background-type":"","background-media":"","overlay-type":"","overlay-color":"","overlay-gradient":""},"tablet":{"background-color":"var(--ast-global-color-5)","background-image":"","background-repeat":"repeat","background-position":"center center","background-size":"auto","background-attachment":"scroll","background-type":"","background-media":"","overlay-type":"","overlay-color":"","overlay-gradient":""},"mobile":{"background-color":"var(--ast-global-color-5)","background-image":"","background-repeat":"repeat","background-position":"center center","background-size":"auto","background-attachment":"scroll","background-type":"","background-media":"","overlay-type":"","overlay-color":"","overlay-gradient":""}},"footnotes":""},"class_list":["post-3","page","type-page","status-publish","hentry"],"uagb_featured_image_src":{"full":false,"thumbnail":false,"medium":false,"medium_large":false,"large":false,"1536x1536":false,"2048x2048":false},"uagb_author_info":{"display_name":"admin8873","author_link":"https:\/\/sztuka-remontu.pl\/?author=1"},"uagb_comment_info":0,"uagb_excerpt":"Polityka Prywatno\u015bci \u2013 Sztuka Remontu Kim jeste\u015bmy Adres naszej strony internetowej to: http:\/\/sztuka-remontu.pl. Jakie dane osobowe zbieramy i dlaczego je [&hellip;]","_links":{"self":[{"href":"https:\/\/sztuka-remontu.pl\/index.php?rest_route=\/wp\/v2\/pages\/3","targetHints":{"allow":["GET"]}}],"collection":[{"href":"https:\/\/sztuka-remontu.pl\/index.php?rest_route=\/wp\/v2\/pages"}],"about":[{"href":"https:\/\/sztuka-remontu.pl\/index.php?rest_route=\/wp\/v2\/types\/page"}],"author":[{"embeddable":true,"href":"https:\/\/sztuka-remontu.pl\/index.php?rest_route=\/wp\/v2\/users\/1"}],"replies":[{"embeddable":true,"href":"https:\/\/sztuka-remontu.pl\/index.php?rest_route=%2Fwp%2Fv2%2Fcomments&post=3"}],"version-history":[{"count":1,"href":"https:\/\/sztuka-remontu.pl\/index.php?rest_route=\/wp\/v2\/pages\/3\/revisions"}],"predecessor-version":[{"id":1672,"href":"https:\/\/sztuka-remontu.pl\/index.php?rest_route=\/wp\/v2\/pages\/3\/revisions\/1672"}],"wp:attachment":[{"href":"https:\/\/sztuka-remontu.pl\/index.php?rest_route=%2Fwp%2Fv2%2Fmedia&parent=3"}],"curies":[{"name":"wp","href":"https:\/\/api.w.org\/{rel}","templated":true}]}}