{"id":1427,"date":"2023-08-14T06:26:12","date_gmt":"2023-08-14T06:26:12","guid":{"rendered":"https:\/\/sztuka-remontu.pl\/index.php\/services-2\/"},"modified":"2024-05-20T11:47:10","modified_gmt":"2024-05-20T11:47:10","slug":"services-2","status":"publish","type":"page","link":"https:\/\/sztuka-remontu.pl\/?page_id=1427","title":{"rendered":"Uslugi"},"content":{"rendered":"\n<div class=\"wp-block-uagb-container uagb-block-4c3875af alignfull uagb-is-root-container\"><div class=\"uagb-container-inner-blocks-wrap\">\n<div class=\"wp-block-uagb-advanced-heading uagb-block-36237826\"><h1 class=\"uagb-heading-text\">Us\u0142ugi remontowe<\/h1><\/div>\n<\/div><\/div>\n\n\n\n<div class=\"wp-block-uagb-container uagb-block-e7fbe3aa alignfull uagb-is-root-container\"><div class=\"uagb-container-inner-blocks-wrap\">\n<div class=\"wp-block-uagb-container uagb-block-1d616714\">\n<div class=\"wp-block-uagb-advanced-heading uagb-block-4c3562ab\"><div class=\"uagb-heading-text\">01.<\/div><\/div>\n\n\n\n<div class=\"wp-block-uagb-advanced-heading uagb-block-acd47406\"><h2 class=\"uagb-heading-text\">Malowanie wn\u0119trz<\/h2><\/div>\n<\/div>\n\n\n\n<div class=\"wp-block-uagb-container uagb-block-fedce462\">\n<div class=\"wp-block-uagb-advanced-heading uagb-block-8cc775f5\"><p class=\"uagb-desc-text\">Nasza firma oferuje kompleksowe us\u0142ugi malowania wn\u0119trz. Oferujemy r\u00f3wnocze\u015bnie nowoczesne i klasyczne rozwi\u0105zania, dopasowane do indywidualnych potrzeb klienta.<\/p><\/div>\n\n\n\n<div class=\"wp-block-uagb-icon-list uagb-block-0d18128b\"><div class=\"uagb-icon-list__wrap\">\n<div class=\"wp-block-uagb-icon-list-child uagb-block-5d2d7d59\"><span class=\"uagb-icon-list__source-wrap\"><svg xmlns=\"https:\/\/www.w3.org\/2000\/svg\" viewBox=\"0 0 256 512\"><path d=\"M118.6 105.4l128 127.1C252.9 239.6 256 247.8 256 255.1s-3.125 16.38-9.375 22.63l-128 127.1c-9.156 9.156-22.91 11.9-34.88 6.943S64 396.9 64 383.1V128c0-12.94 7.781-24.62 19.75-29.58S109.5 96.23 118.6 105.4z\"><\/path><\/svg><\/span><span class=\"uagb-icon-list__label\">Malowanie \u015bcian<\/span><\/div>\n\n\n\n<div class=\"wp-block-uagb-icon-list-child uagb-block-54510f4a\"><span class=\"uagb-icon-list__source-wrap\"><svg xmlns=\"https:\/\/www.w3.org\/2000\/svg\" viewBox=\"0 0 256 512\"><path d=\"M118.6 105.4l128 127.1C252.9 239.6 256 247.8 256 255.1s-3.125 16.38-9.375 22.63l-128 127.1c-9.156 9.156-22.91 11.9-34.88 6.943S64 396.9 64 383.1V128c0-12.94 7.781-24.62 19.75-29.58S109.5 96.23 118.6 105.4z\"><\/path><\/svg><\/span><span class=\"uagb-icon-list__label\">Malowanie sufit\u00f3w<\/span><\/div>\n\n\n\n<div class=\"wp-block-uagb-icon-list-child uagb-block-169d7418\"><span class=\"uagb-icon-list__source-wrap\"><svg xmlns=\"https:\/\/www.w3.org\/2000\/svg\" viewBox=\"0 0 256 512\"><path d=\"M118.6 105.4l128 127.1C252.9 239.6 256 247.8 256 255.1s-3.125 16.38-9.375 22.63l-128 127.1c-9.156 9.156-22.91 11.9-34.88 6.943S64 396.9 64 383.1V128c0-12.94 7.781-24.62 19.75-29.58S109.5 96.23 118.6 105.4z\"><\/path><\/svg><\/span><span class=\"uagb-icon-list__label\">Malowanie natryskowe<\/span><\/div>\n<\/div><\/div>\n<\/div>\n\n\n\n<div class=\"wp-block-uagb-container uagb-block-e38d2238\">\n<div class=\"wp-block-uagb-image alignleft uagb-block-2abcf112 wp-block-uagb-image--layout-default wp-block-uagb-image--effect-static wp-block-uagb-image--align-left\"><figure class=\"wp-block-uagb-image__figure\"><img decoding=\"async\" srcset=\"https:\/\/sztuka-remontu.pl\/wp-content\/uploads\/2024\/05\/pexels-photo-6474123-683x1024.jpeg ,https:\/\/sztuka-remontu.pl\/wp-content\/uploads\/2024\/05\/pexels-photo-6474123.jpeg 780w, https:\/\/sztuka-remontu.pl\/wp-content\/uploads\/2024\/05\/pexels-photo-6474123.jpeg 360w\" sizes=\"auto, (max-width: 480px) 150px\" src=\"https:\/\/sztuka-remontu.pl\/wp-content\/uploads\/2024\/05\/pexels-photo-6474123-683x1024.jpeg\" alt=\"A Man in White Shirt Painting a House\" class=\"uag-image-42\" width=\"360\" height=\"350\" title=\"pexels-photo-6474123\" loading=\"lazy\" role=\"img\"\/><\/figure><\/div>\n<\/div>\n<\/div><\/div>\n\n\n\n<div class=\"wp-block-uagb-container uagb-block-b3da6d16 alignfull uagb-is-root-container\"><div class=\"uagb-container-inner-blocks-wrap\">\n<div class=\"wp-block-uagb-container uagb-block-6c22f156\">\n<div class=\"wp-block-uagb-advanced-heading uagb-block-2d62a18c\"><div class=\"uagb-heading-text\">02.<\/div><\/div>\n\n\n\n<div class=\"wp-block-uagb-advanced-heading uagb-block-300ab866\"><h2 class=\"uagb-heading-text\">Remont \u0142azienek<\/h2><\/div>\n<\/div>\n\n\n\n<div class=\"wp-block-uagb-container uagb-block-62327c65\">\n<div class=\"wp-block-uagb-advanced-heading uagb-block-cd581b9a\"><p class=\"uagb-desc-text\">Nasi specjali\u015bci wykonuj\u0105 kompleksowe remonty \u0142azienek. Oferujemy modernizacj\u0119, wymian\u0119 instalacji wodno-kanalizacyjnej oraz aran\u017cacj\u0119 przestrzeni zgodnie z oczekiwaniami klienta.<\/p><\/div>\n\n\n\n<div class=\"wp-block-uagb-icon-list uagb-block-fda1caa0\"><div class=\"uagb-icon-list__wrap\">\n<div class=\"wp-block-uagb-icon-list-child uagb-block-b3188e60\"><span class=\"uagb-icon-list__source-wrap\"><svg xmlns=\"https:\/\/www.w3.org\/2000\/svg\" viewBox=\"0 0 256 512\"><path d=\"M118.6 105.4l128 127.1C252.9 239.6 256 247.8 256 255.1s-3.125 16.38-9.375 22.63l-128 127.1c-9.156 9.156-22.91 11.9-34.88 6.943S64 396.9 64 383.1V128c0-12.94 7.781-24.62 19.75-29.58S109.5 96.23 118.6 105.4z\"><\/path><\/svg><\/span><span class=\"uagb-icon-list__label\">Uk\u0142adanie p\u0142ytek<\/span><\/div>\n\n\n\n<div class=\"wp-block-uagb-icon-list-child uagb-block-7d1f73aa\"><span class=\"uagb-icon-list__source-wrap\"><svg xmlns=\"https:\/\/www.w3.org\/2000\/svg\" viewBox=\"0 0 256 512\"><path d=\"M118.6 105.4l128 127.1C252.9 239.6 256 247.8 256 255.1s-3.125 16.38-9.375 22.63l-128 127.1c-9.156 9.156-22.91 11.9-34.88 6.943S64 396.9 64 383.1V128c0-12.94 7.781-24.62 19.75-29.58S109.5 96.23 118.6 105.4z\"><\/path><\/svg><\/span><span class=\"uagb-icon-list__label\">Instalacja sanitarna<\/span><\/div>\n\n\n\n<div class=\"wp-block-uagb-icon-list-child uagb-block-f7651f7b\"><span class=\"uagb-icon-list__source-wrap\"><svg xmlns=\"https:\/\/www.w3.org\/2000\/svg\" viewBox=\"0 0 256 512\"><path d=\"M118.6 105.4l128 127.1C252.9 239.6 256 247.8 256 255.1s-3.125 16.38-9.375 22.63l-128 127.1c-9.156 9.156-22.91 11.9-34.88 6.943S64 396.9 64 383.1V128c0-12.94 7.781-24.62 19.75-29.58S109.5 96.23 118.6 105.4z\"><\/path><\/svg><\/span><span class=\"uagb-icon-list__label\">Monta\u017c armatury<\/span><\/div>\n<\/div><\/div>\n<\/div>\n\n\n\n<div class=\"wp-block-uagb-container uagb-block-fd4eb18b\">\n<div class=\"wp-block-uagb-image alignleft uagb-block-a9c5d409 wp-block-uagb-image--layout-default wp-block-uagb-image--effect-static wp-block-uagb-image--align-left\"><figure class=\"wp-block-uagb-image__figure\"><img decoding=\"async\" srcset=\"https:\/\/sztuka-remontu.pl\/wp-content\/uploads\/2024\/05\/IMG_20240427_120430480-1024x768.jpg ,https:\/\/sztuka-remontu.pl\/wp-content\/uploads\/2024\/05\/IMG_20240427_120430480-scaled.jpg 780w, https:\/\/sztuka-remontu.pl\/wp-content\/uploads\/2024\/05\/IMG_20240427_120430480-scaled.jpg 360w\" sizes=\"auto, (max-width: 480px) 150px\" src=\"https:\/\/sztuka-remontu.pl\/wp-content\/uploads\/2024\/05\/IMG_20240427_120430480-1024x768.jpg\" alt=\"\" class=\"uag-image-1566\" width=\"360\" height=\"350\" title=\"IMG_20240427_120430480\" loading=\"lazy\" role=\"img\"\/><\/figure><\/div>\n<\/div>\n<\/div><\/div>\n\n\n\n<div class=\"wp-block-uagb-container uagb-block-a297eb66 alignfull uagb-is-root-container\"><div class=\"uagb-container-inner-blocks-wrap\">\n<div class=\"wp-block-uagb-container uagb-block-c7b4b892\">\n<div class=\"wp-block-uagb-advanced-heading uagb-block-8aff347e\"><div class=\"uagb-heading-text\">03.<\/div><\/div>\n\n\n\n<div class=\"wp-block-uagb-advanced-heading uagb-block-1d0363e7\"><h2 class=\"uagb-heading-text\">Prace elektryczne<\/h2><\/div>\n<\/div>\n\n\n\n<div class=\"wp-block-uagb-container uagb-block-1c87fe0a\">\n<div class=\"wp-block-uagb-advanced-heading uagb-block-7ede1887\"><\/div>\n\n\n\n<div class=\"wp-block-uagb-advanced-heading uagb-block-3281f7f9\"><\/div>\n\n\n\n<div class=\"wp-block-uagb-advanced-heading uagb-block-50aec271\"><p class=\"uagb-desc-text\">Nasi specjali\u015bci wykonuj\u0105 kompleksowe us\u0142ugi elektryczne. Oferujemy modernizacj\u0119 instalacji elektrycznych, wymian\u0119 system\u00f3w o\u015bwietleniowych oraz pe\u0142ne zabezpieczenie instalacji zgodnie z normami bezpiecze\u0144stwa.<\/p><\/div>\n\n\n\n<div class=\"wp-block-uagb-icon-list uagb-block-ecc64c22\"><div class=\"uagb-icon-list__wrap\">\n<div class=\"wp-block-uagb-icon-list-child uagb-block-4cea19d1\"><span class=\"uagb-icon-list__source-wrap\"><svg xmlns=\"https:\/\/www.w3.org\/2000\/svg\" viewBox=\"0 0 256 512\"><path d=\"M118.6 105.4l128 127.1C252.9 239.6 256 247.8 256 255.1s-3.125 16.38-9.375 22.63l-128 127.1c-9.156 9.156-22.91 11.9-34.88 6.943S64 396.9 64 383.1V128c0-12.94 7.781-24.62 19.75-29.58S109.5 96.23 118.6 105.4z\"><\/path><\/svg><\/span><span class=\"uagb-icon-list__label\">Instalacja i modernizacja okablowania elektrycznego<\/span><\/div>\n\n\n\n<div class=\"wp-block-uagb-icon-list-child uagb-block-e17672d9\"><span class=\"uagb-icon-list__source-wrap\"><svg xmlns=\"https:\/\/www.w3.org\/2000\/svg\" viewBox=\"0 0 256 512\"><path d=\"M118.6 105.4l128 127.1C252.9 239.6 256 247.8 256 255.1s-3.125 16.38-9.375 22.63l-128 127.1c-9.156 9.156-22.91 11.9-34.88 6.943S64 396.9 64 383.1V128c0-12.94 7.781-24.62 19.75-29.58S109.5 96.23 118.6 105.4z\"><\/path><\/svg><\/span><span class=\"uagb-icon-list__label\">Monta\u017c system\u00f3w o\u015bwietleniowych<\/span><\/div>\n\n\n\n<div class=\"wp-block-uagb-icon-list-child uagb-block-6a6ad635\"><span class=\"uagb-icon-list__source-wrap\"><svg xmlns=\"https:\/\/www.w3.org\/2000\/svg\" viewBox=\"0 0 256 512\"><path d=\"M118.6 105.4l128 127.1C252.9 239.6 256 247.8 256 255.1s-3.125 16.38-9.375 22.63l-128 127.1c-9.156 9.156-22.91 11.9-34.88 6.943S64 396.9 64 383.1V128c0-12.94 7.781-24.62 19.75-29.58S109.5 96.23 118.6 105.4z\"><\/path><\/svg><\/span><span class=\"uagb-icon-list__label\">Zabezpieczenie instalacji elektrycznych<\/span><\/div>\n<\/div><\/div>\n<\/div>\n\n\n\n<div class=\"wp-block-uagb-container uagb-block-2f86b96f\">\n<div class=\"wp-block-uagb-image alignleft uagb-block-17e535cf wp-block-uagb-image--layout-default wp-block-uagb-image--effect-static wp-block-uagb-image--align-left\"><figure class=\"wp-block-uagb-image__figure\"><img decoding=\"async\" srcset=\"https:\/\/sztuka-remontu.pl\/wp-content\/uploads\/2024\/05\/electrician-electric-electricity-1080574-682x1024.jpg ,https:\/\/sztuka-remontu.pl\/wp-content\/uploads\/2024\/05\/electrician-electric-electricity-1080574.jpg 780w, https:\/\/sztuka-remontu.pl\/wp-content\/uploads\/2024\/05\/electrician-electric-electricity-1080574.jpg 360w\" sizes=\"auto, (max-width: 480px) 150px\" src=\"https:\/\/sztuka-remontu.pl\/wp-content\/uploads\/2024\/05\/electrician-electric-electricity-1080574-682x1024.jpg\" alt=\"electrician, electric, electricity-1080574.jpg\" class=\"uag-image-1647\" width=\"360\" height=\"350\" title=\"electrician-electric-electricity-1080574\" loading=\"lazy\" role=\"img\"\/><\/figure><\/div>\n<\/div>\n<\/div><\/div>\n\n\n\n<div class=\"wp-block-uagb-container uagb-block-07081310 alignfull uagb-is-root-container\"><div class=\"uagb-container-inner-blocks-wrap\">\n<div class=\"wp-block-uagb-container uagb-block-f5546806\">\n<div class=\"wp-block-uagb-advanced-heading uagb-block-50418877\"><div class=\"uagb-heading-text\">04.<\/div><\/div>\n\n\n\n<div class=\"wp-block-uagb-advanced-heading uagb-block-c2a1713e\"><h2 class=\"uagb-heading-text\">Prace Hydrauliczne<\/h2><\/div>\n<\/div>\n\n\n\n<div class=\"wp-block-uagb-container uagb-block-a5ef4da2\">\n<div class=\"wp-block-uagb-advanced-heading uagb-block-2bdf3b04\"><\/div>\n\n\n\n<div class=\"wp-block-uagb-advanced-heading uagb-block-4ee378f4\"><\/div>\n\n\n\n<div class=\"wp-block-uagb-advanced-heading uagb-block-ce66a6a2\"><\/div>\n\n\n\n<div class=\"wp-block-uagb-icon-list uagb-block-29fa1c39\"><div class=\"uagb-icon-list__wrap\">\n<div class=\"wp-block-uagb-icon-list-child uagb-block-d8c6144b\"><span class=\"uagb-icon-list__source-wrap\"><svg xmlns=\"https:\/\/www.w3.org\/2000\/svg\" viewBox=\"0 0 256 512\"><path d=\"M118.6 105.4l128 127.1C252.9 239.6 256 247.8 256 255.1s-3.125 16.38-9.375 22.63l-128 127.1c-9.156 9.156-22.91 11.9-34.88 6.943S64 396.9 64 383.1V128c0-12.94 7.781-24.62 19.75-29.58S109.5 96.23 118.6 105.4z\"><\/path><\/svg><\/span><span class=\"uagb-icon-list__label\">Instalacja i wymiana system\u00f3w grzewczych<\/span><\/div>\n\n\n\n<div class=\"wp-block-uagb-icon-list-child uagb-block-61641f7d\"><span class=\"uagb-icon-list__source-wrap\"><svg xmlns=\"https:\/\/www.w3.org\/2000\/svg\" viewBox=\"0 0 256 512\"><path d=\"M118.6 105.4l128 127.1C252.9 239.6 256 247.8 256 255.1s-3.125 16.38-9.375 22.63l-128 127.1c-9.156 9.156-22.91 11.9-34.88 6.943S64 396.9 64 383.1V128c0-12.94 7.781-24.62 19.75-29.58S109.5 96.23 118.6 105.4z\"><\/path><\/svg><\/span><span class=\"uagb-icon-list__label\">Naprawa i konserwacja instalacji wodno-kanalizacyjnych<\/span><\/div>\n\n\n\n<div class=\"wp-block-uagb-icon-list-child uagb-block-ec53f33a\"><span class=\"uagb-icon-list__source-wrap\"><svg xmlns=\"https:\/\/www.w3.org\/2000\/svg\" viewBox=\"0 0 256 512\"><path d=\"M118.6 105.4l128 127.1C252.9 239.6 256 247.8 256 255.1s-3.125 16.38-9.375 22.63l-128 127.1c-9.156 9.156-22.91 11.9-34.88 6.943S64 396.9 64 383.1V128c0-12.94 7.781-24.62 19.75-29.58S109.5 96.23 118.6 105.4z\"><\/path><\/svg><\/span><span class=\"uagb-icon-list__label\">Monta\u017c i wymiana armatury sanitarno-hydraulicznej<\/span><\/div>\n<\/div><\/div>\n<\/div>\n\n\n\n<div class=\"wp-block-uagb-container uagb-block-4b9d9cae\">\n<div class=\"wp-block-uagb-image alignleft uagb-block-97cd6678 wp-block-uagb-image--layout-default wp-block-uagb-image--effect-static wp-block-uagb-image--align-left\"><figure class=\"wp-block-uagb-image__figure\"><img decoding=\"async\" srcset=\"https:\/\/sztuka-remontu.pl\/wp-content\/uploads\/2024\/05\/plumber-man-repair-6195292-1024x682.png ,https:\/\/sztuka-remontu.pl\/wp-content\/uploads\/2024\/05\/plumber-man-repair-6195292.png 780w, https:\/\/sztuka-remontu.pl\/wp-content\/uploads\/2024\/05\/plumber-man-repair-6195292.png 360w\" sizes=\"auto, (max-width: 480px) 150px\" src=\"https:\/\/sztuka-remontu.pl\/wp-content\/uploads\/2024\/05\/plumber-man-repair-6195292-1024x682.png\" alt=\"plumber, man, repair-6195292.jpg\" class=\"uag-image-1660\" width=\"360\" height=\"350\" title=\"plumber-man-repair-6195292\" loading=\"lazy\" role=\"img\"\/><\/figure><\/div>\n<\/div>\n<\/div><\/div>\n\n\n\n<div class=\"wp-block-uagb-container uagb-block-b58ce995 alignfull uagb-is-root-container\"><div class=\"uagb-container-inner-blocks-wrap\">\n<div class=\"wp-block-uagb-container uagb-block-4853c35e\">\n<div class=\"wp-block-uagb-advanced-heading uagb-block-d00de326\"><div class=\"uagb-heading-text\">05.<\/div><\/div>\n\n\n\n<div class=\"wp-block-uagb-advanced-heading uagb-block-8c2b6389\"><h2 class=\"uagb-heading-text\">Tynki strukturalne<\/h2><\/div>\n<\/div>\n\n\n\n<div class=\"wp-block-uagb-container uagb-block-a4cea4e4\">\n<div class=\"wp-block-uagb-advanced-heading uagb-block-5fe35aac\"><\/div>\n\n\n\n<div class=\"wp-block-uagb-icon-list uagb-block-b39c7ae2\"><div class=\"uagb-icon-list__wrap\">\n<div class=\"wp-block-uagb-icon-list-child uagb-block-466f1082\"><span class=\"uagb-icon-list__source-wrap\"><svg xmlns=\"https:\/\/www.w3.org\/2000\/svg\" viewBox=\"0 0 256 512\"><path d=\"M118.6 105.4l128 127.1C252.9 239.6 256 247.8 256 255.1s-3.125 16.38-9.375 22.63l-128 127.1c-9.156 9.156-22.91 11.9-34.88 6.943S64 396.9 64 383.1V128c0-12.94 7.781-24.62 19.75-29.58S109.5 96.23 118.6 105.4z\"><\/path><\/svg><\/span><span class=\"uagb-icon-list__label\">Stiuk wenecki<\/span><\/div>\n\n\n\n<div class=\"wp-block-uagb-icon-list-child uagb-block-b337dc38\"><span class=\"uagb-icon-list__source-wrap\"><svg xmlns=\"https:\/\/www.w3.org\/2000\/svg\" viewBox=\"0 0 256 512\"><path d=\"M118.6 105.4l128 127.1C252.9 239.6 256 247.8 256 255.1s-3.125 16.38-9.375 22.63l-128 127.1c-9.156 9.156-22.91 11.9-34.88 6.943S64 396.9 64 383.1V128c0-12.94 7.781-24.62 19.75-29.58S109.5 96.23 118.6 105.4z\"><\/path><\/svg><\/span><span class=\"uagb-icon-list__label\">Beton architektoniczny<\/span><\/div>\n\n\n\n<div class=\"wp-block-uagb-icon-list-child uagb-block-12ececd8\"><span class=\"uagb-icon-list__source-wrap\"><svg xmlns=\"https:\/\/www.w3.org\/2000\/svg\" viewBox=\"0 0 256 512\"><path d=\"M118.6 105.4l128 127.1C252.9 239.6 256 247.8 256 255.1s-3.125 16.38-9.375 22.63l-128 127.1c-9.156 9.156-22.91 11.9-34.88 6.943S64 396.9 64 383.1V128c0-12.94 7.781-24.62 19.75-29.58S109.5 96.23 118.6 105.4z\"><\/path><\/svg><\/span><span class=\"uagb-icon-list__label\">Tynk dekoracyjny<\/span><\/div>\n<\/div><\/div>\n<\/div>\n\n\n\n<div class=\"wp-block-uagb-container uagb-block-1693df27\">\n<div class=\"wp-block-uagb-image alignleft uagb-block-b986cf24 wp-block-uagb-image--layout-default wp-block-uagb-image--effect-static wp-block-uagb-image--align-left\"><figure class=\"wp-block-uagb-image__figure\"><img decoding=\"async\" srcset=\"https:\/\/sztuka-remontu.pl\/wp-content\/uploads\/2024\/05\/IMG_20230421_144130006-1024x768.jpg ,https:\/\/sztuka-remontu.pl\/wp-content\/uploads\/2024\/05\/IMG_20230421_144130006-scaled.jpg 780w, https:\/\/sztuka-remontu.pl\/wp-content\/uploads\/2024\/05\/IMG_20230421_144130006-scaled.jpg 360w\" sizes=\"auto, (max-width: 480px) 150px\" src=\"https:\/\/sztuka-remontu.pl\/wp-content\/uploads\/2024\/05\/IMG_20230421_144130006-1024x768.jpg\" alt=\"\" class=\"uag-image-1591\" width=\"360\" height=\"350\" title=\"IMG_20230421_144130006\" loading=\"lazy\" role=\"img\"\/><\/figure><\/div>\n<\/div>\n<\/div><\/div>\n\n\n\n<div class=\"wp-block-uagb-container uagb-block-9caa1a47 alignfull uagb-is-root-container\"><div class=\"uagb-container-inner-blocks-wrap\">\n<div class=\"wp-block-uagb-advanced-heading uagb-block-1ed0e64e\"><div class=\"uagb-heading-text\">Skorzystaj z naszych us\u0142ug<\/div><\/div>\n\n\n\n<div class=\"wp-block-uagb-advanced-heading uagb-block-3a57683f\"><h2 class=\"uagb-heading-text\">Zadzwo\u0144 ju\u017c teraz i um\u00f3w si\u0119 na remont!<\/h2><\/div>\n\n\n\n<div class=\"wp-block-uagb-buttons uagb-buttons__outer-wrap uagb-btn__default-btn uagb-btn-tablet__default-btn uagb-btn-mobile__default-btn uagb-block-9979be0d\"><div class=\"uagb-buttons__wrap uagb-buttons-layout-wrap \">\n<div class=\"wp-block-uagb-buttons-child uagb-buttons__outer-wrap uagb-block-84fd34e5 wp-block-button\"><div class=\"uagb-button__wrapper\"><a class=\"uagb-buttons-repeater wp-block-button__link\" aria-label=\"\" href=\"https:\/\/sztuka-remontu.pl\/?page_id=1428\" rel=\"follow noopener\" target=\"_self\" role=\"button\"><div class=\"uagb-button__link\">Kontakt<\/div><\/a><\/div><\/div>\n<\/div><\/div>\n\n\n\n<div class=\"wp-block-uagb-advanced-heading uagb-block-838a0a13\"><div class=\"uagb-separator\"><\/div><h3 class=\"uagb-heading-text\">Bezp\u0142atna konsultacja ? +48 501 336 927<\/h3><\/div>\n<\/div><\/div>\n","protected":false},"excerpt":{"rendered":"<p>Us\u0142ugi remontowe 01. Malowanie wn\u0119trz Nasza firma oferuje kompleksowe us\u0142ugi malowania wn\u0119trz. Oferujemy r\u00f3wnocze\u015bnie nowoczesne i klasyczne rozwi\u0105zania, dopasowane do [&hellip;]<\/p>\n","protected":false},"author":1,"featured_media":0,"parent":0,"menu_order":0,"comment_status":"closed","ping_status":"closed","template":"","meta":{"_uag_custom_page_level_css":"","site-sidebar-layout":"default","site-content-layout":"plain-container","ast-site-content-layout":"normal-width-container","site-content-style":"unboxed","site-sidebar-style":"unboxed","ast-global-header-display":"","ast-banner-title-visibility":"disabled","ast-main-header-display":"","ast-hfb-above-header-display":"","ast-hfb-below-header-display":"","ast-hfb-mobile-header-display":"","site-post-title":"disabled","ast-breadcrumbs-content":"","ast-featured-img":"","footer-sml-layout":"","theme-transparent-header-meta":"","adv-header-id-meta":"","stick-header-meta":"","header-above-stick-meta":"","header-main-stick-meta":"","header-below-stick-meta":"","astra-migrate-meta-layouts":"set","ast-page-background-enabled":"default","ast-page-background-meta":{"desktop":{"background-color":"var(--ast-global-color-4)","background-image":"","background-repeat":"repeat","background-position":"center center","background-size":"auto","background-attachment":"scroll","background-type":"","background-media":"","overlay-type":"","overlay-color":"","overlay-gradient":""},"tablet":{"background-color":"","background-image":"","background-repeat":"repeat","background-position":"center center","background-size":"auto","background-attachment":"scroll","background-type":"","background-media":"","overlay-type":"","overlay-color":"","overlay-gradient":""},"mobile":{"background-color":"","background-image":"","background-repeat":"repeat","background-position":"center center","background-size":"auto","background-attachment":"scroll","background-type":"","background-media":"","overlay-type":"","overlay-color":"","overlay-gradient":""}},"ast-content-background-meta":{"desktop":{"background-color":"var(--ast-global-color-5)","background-image":"","background-repeat":"repeat","background-position":"center center","background-size":"auto","background-attachment":"scroll","background-type":"","background-media":"","overlay-type":"","overlay-color":"","overlay-gradient":""},"tablet":{"background-color":"var(--ast-global-color-5)","background-image":"","background-repeat":"repeat","background-position":"center center","background-size":"auto","background-attachment":"scroll","background-type":"","background-media":"","overlay-type":"","overlay-color":"","overlay-gradient":""},"mobile":{"background-color":"var(--ast-global-color-5)","background-image":"","background-repeat":"repeat","background-position":"center center","background-size":"auto","background-attachment":"scroll","background-type":"","background-media":"","overlay-type":"","overlay-color":"","overlay-gradient":""}},"footnotes":""},"class_list":["post-1427","page","type-page","status-publish","hentry"],"uagb_featured_image_src":{"full":false,"thumbnail":false,"medium":false,"medium_large":false,"large":false,"1536x1536":false,"2048x2048":false},"uagb_author_info":{"display_name":"admin8873","author_link":"https:\/\/sztuka-remontu.pl\/?author=1"},"uagb_comment_info":0,"uagb_excerpt":"Us\u0142ugi remontowe 01. Malowanie wn\u0119trz Nasza firma oferuje kompleksowe us\u0142ugi malowania wn\u0119trz. Oferujemy r\u00f3wnocze\u015bnie nowoczesne i klasyczne rozwi\u0105zania, dopasowane do [&hellip;]","_links":{"self":[{"href":"https:\/\/sztuka-remontu.pl\/index.php?rest_route=\/wp\/v2\/pages\/1427","targetHints":{"allow":["GET"]}}],"collection":[{"href":"https:\/\/sztuka-remontu.pl\/index.php?rest_route=\/wp\/v2\/pages"}],"about":[{"href":"https:\/\/sztuka-remontu.pl\/index.php?rest_route=\/wp\/v2\/types\/page"}],"author":[{"embeddable":true,"href":"https:\/\/sztuka-remontu.pl\/index.php?rest_route=\/wp\/v2\/users\/1"}],"replies":[{"embeddable":true,"href":"https:\/\/sztuka-remontu.pl\/index.php?rest_route=%2Fwp%2Fv2%2Fcomments&post=1427"}],"version-history":[{"count":11,"href":"https:\/\/sztuka-remontu.pl\/index.php?rest_route=\/wp\/v2\/pages\/1427\/revisions"}],"predecessor-version":[{"id":1703,"href":"https:\/\/sztuka-remontu.pl\/index.php?rest_route=\/wp\/v2\/pages\/1427\/revisions\/1703"}],"wp:attachment":[{"href":"https:\/\/sztuka-remontu.pl\/index.php?rest_route=%2Fwp%2Fv2%2Fmedia&parent=1427"}],"curies":[{"name":"wp","href":"https:\/\/api.w.org\/{rel}","templated":true}]}}