{"id":1426,"date":"2023-08-14T06:25:57","date_gmt":"2023-08-14T06:25:57","guid":{"rendered":"https:\/\/sztuka-remontu.pl\/index.php\/about-us-2\/"},"modified":"2024-05-20T11:44:58","modified_gmt":"2024-05-20T11:44:58","slug":"about-us-2","status":"publish","type":"page","link":"https:\/\/sztuka-remontu.pl\/?page_id=1426","title":{"rendered":"O Nas"},"content":{"rendered":"\n<div class=\"wp-block-uagb-container uagb-block-4c3875af alignfull uagb-is-root-container\"><div class=\"uagb-container-inner-blocks-wrap\">\n<div class=\"wp-block-uagb-advanced-heading uagb-block-36237826\"><h1 class=\"uagb-heading-text\">Mistrzowie Remontu<\/h1><\/div>\n<\/div><\/div>\n\n\n\n<div class=\"wp-block-uagb-container uagb-block-5cf03063 alignfull uagb-is-root-container\"><div class=\"uagb-container-inner-blocks-wrap\">\n<div class=\"wp-block-uagb-image alignleft uagb-block-6d75d68d wp-block-uagb-image--layout-default wp-block-uagb-image--effect-static wp-block-uagb-image--align-left\"><figure class=\"wp-block-uagb-image__figure\"><img decoding=\"async\" srcset=\"https:\/\/sztuka-remontu.pl\/wp-content\/uploads\/2024\/05\/pexels-photo-3990359.jpeg , https:\/\/sztuka-remontu.pl\/wp-content\/uploads\/2024\/05\/pexels-photo-3990359.jpeg 360w\" sizes=\"auto, (max-width: 480px) 150px\" src=\"https:\/\/sztuka-remontu.pl\/wp-content\/uploads\/2024\/05\/pexels-photo-3990359.jpeg\" alt=\"\" class=\"uag-image-39\" width=\"575\" height=\"480\" title=\"\" loading=\"lazy\" role=\"img\"\/><\/figure><\/div>\n\n\n\n<div class=\"wp-block-uagb-container uagb-block-05150e62\">\n<div class=\"wp-block-uagb-advanced-heading uagb-block-b0bb1952\"><div class=\"uagb-heading-text\">Autentyczno\u015b\u0107 z pasj\u0105<\/div><\/div>\n\n\n\n<div class=\"wp-block-uagb-advanced-heading uagb-block-a2b3848d\"><h2 class=\"uagb-heading-text\">Nasza Firma<\/h2><p class=\"uagb-desc-text\">Sztuka Remontu to firma specjalizuj\u0105ca si\u0119 we wszelkiego rodzaju pracach budowlanych. Oferujemy kompleksowe us\u0142ugi remontowe w Tr\u00f3jmie\u015bcie (Gda\u0144sk, Gdynia, Sopot) oraz w promieniu do 50 km.<br><br>Historia naszej firmy si\u0119ga za\u0142o\u017cenia z pasj\u0105 do remont\u00f3w i budownictwa.<\/p><\/div>\n<\/div>\n<\/div><\/div>\n\n\n\n<div class=\"wp-block-uagb-container uagb-block-edae5b83 alignfull uagb-is-root-container\"><div class=\"uagb-container-inner-blocks-wrap\">\n<div class=\"wp-block-uagb-advanced-heading uagb-block-64726181\"><div class=\"uagb-heading-text\">Nasze Warto\u015bci<\/div><\/div>\n\n\n\n<div class=\"wp-block-uagb-advanced-heading uagb-block-92588f0c\"><h2 class=\"uagb-heading-text\">Nasze fundamenty<\/h2><\/div>\n\n\n\n<div class=\"wp-block-uagb-image aligncenter uagb-block-37f6c2f8 wp-block-uagb-image--layout-default wp-block-uagb-image--effect-static wp-block-uagb-image--align-center\"><figure class=\"wp-block-uagb-image__figure\"><img decoding=\"async\" srcset=\"https:\/\/sztuka-remontu.pl\/wp-content\/uploads\/2024\/05\/lazienka-1024x447.png ,https:\/\/sztuka-remontu.pl\/wp-content\/uploads\/2024\/05\/lazienka.png 780w, https:\/\/sztuka-remontu.pl\/wp-content\/uploads\/2024\/05\/lazienka.png 360w\" sizes=\"auto, (max-width: 480px) 150px\" src=\"https:\/\/sztuka-remontu.pl\/wp-content\/uploads\/2024\/05\/lazienka-1024x447.png\" alt=\"\" class=\"uag-image-1700\" width=\"1200\" height=\"430\" title=\"lazienka\" loading=\"lazy\" role=\"img\"\/><\/figure><\/div>\n\n\n\n<div class=\"wp-block-uagb-container uagb-block-0f0fe2b0\">\n<div class=\"wp-block-uagb-advanced-heading uagb-block-a7766e3a\"><h3 class=\"uagb-heading-text\">Jako\u015b\u0107 Pracy<\/h3><p class=\"uagb-desc-text\">Wszystkie nasze projekty wykonywane s\u0105 z najwy\u017csz\u0105 staranno\u015bci\u0105 i dba\u0142o\u015bci\u0105 o detale.<\/p><\/div>\n\n\n\n<div class=\"wp-block-uagb-advanced-heading uagb-block-b78816fa\"><h3 class=\"uagb-heading-text\">Profesjonalizm<\/h3><p class=\"uagb-desc-text\">Nasi specjali\u015bci posiadaj\u0105 bogate do\u015bwiadczenie i kompetencje w bran\u017cy budowlanej.<\/p><\/div>\n\n\n\n<div class=\"wp-block-uagb-advanced-heading uagb-block-a5c64964\"><h3 class=\"uagb-heading-text\">Zadowolenie klienta<\/h3><p class=\"uagb-desc-text\">Nasz priorytet to spe\u0142nienie oczekiwa\u0144 klienta i zapewnienie satysfakcji z efekt\u00f3w naszej pracy.<\/p><\/div>\n<\/div>\n<\/div><\/div>\n\n\n\n<div class=\"wp-block-uagb-container uagb-block-9caa1a47 alignfull uagb-is-root-container\"><div class=\"uagb-container-inner-blocks-wrap\">\n<div class=\"wp-block-uagb-advanced-heading uagb-block-1ed0e64e\"><div class=\"uagb-heading-text\">Skorzystaj z naszych us\u0142ug<\/div><\/div>\n\n\n\n<div class=\"wp-block-uagb-advanced-heading uagb-block-3a57683f\"><h2 class=\"uagb-heading-text\">Zadzwo\u0144 ju\u017c teraz i um\u00f3w si\u0119 na remont!<\/h2><\/div>\n\n\n\n<div class=\"wp-block-uagb-buttons uagb-buttons__outer-wrap uagb-btn__default-btn uagb-btn-tablet__default-btn uagb-btn-mobile__default-btn uagb-block-9979be0d\"><div class=\"uagb-buttons__wrap uagb-buttons-layout-wrap \">\n<div class=\"wp-block-uagb-buttons-child uagb-buttons__outer-wrap uagb-block-84fd34e5 wp-block-button\"><div class=\"uagb-button__wrapper\"><a class=\"uagb-buttons-repeater wp-block-button__link\" aria-label=\"\" href=\"https:\/\/sztuka-remontu.pl\/?page_id=1428\" rel=\"follow noopener\" target=\"_self\" role=\"button\"><div class=\"uagb-button__link\">Kontakt<\/div><\/a><\/div><\/div>\n<\/div><\/div>\n\n\n\n<div class=\"wp-block-uagb-advanced-heading uagb-block-838a0a13\"><div class=\"uagb-separator\"><\/div><h3 class=\"uagb-heading-text\">Bezp\u0142atna konsultacja ? +48 501 336 927<\/h3><\/div>\n<\/div><\/div>\n","protected":false},"excerpt":{"rendered":"<p>Mistrzowie Remontu Autentyczno\u015b\u0107 z pasj\u0105 Nasza Firma Sztuka Remontu to firma specjalizuj\u0105ca si\u0119 we wszelkiego rodzaju pracach budowlanych. Oferujemy kompleksowe [&hellip;]<\/p>\n","protected":false},"author":1,"featured_media":0,"parent":0,"menu_order":0,"comment_status":"closed","ping_status":"closed","template":"","meta":{"_uag_custom_page_level_css":"","site-sidebar-layout":"default","site-content-layout":"plain-container","ast-site-content-layout":"normal-width-container","site-content-style":"unboxed","site-sidebar-style":"unboxed","ast-global-header-display":"","ast-banner-title-visibility":"disabled","ast-main-header-display":"","ast-hfb-above-header-display":"","ast-hfb-below-header-display":"","ast-hfb-mobile-header-display":"","site-post-title":"disabled","ast-breadcrumbs-content":"","ast-featured-img":"","footer-sml-layout":"","theme-transparent-header-meta":"","adv-header-id-meta":"","stick-header-meta":"","header-above-stick-meta":"","header-main-stick-meta":"","header-below-stick-meta":"","astra-migrate-meta-layouts":"set","ast-page-background-enabled":"default","ast-page-background-meta":{"desktop":{"background-color":"var(--ast-global-color-4)","background-image":"","background-repeat":"repeat","background-position":"center center","background-size":"auto","background-attachment":"scroll","background-type":"","background-media":"","overlay-type":"","overlay-color":"","overlay-gradient":""},"tablet":{"background-color":"","background-image":"","background-repeat":"repeat","background-position":"center center","background-size":"auto","background-attachment":"scroll","background-type":"","background-media":"","overlay-type":"","overlay-color":"","overlay-gradient":""},"mobile":{"background-color":"","background-image":"","background-repeat":"repeat","background-position":"center center","background-size":"auto","background-attachment":"scroll","background-type":"","background-media":"","overlay-type":"","overlay-color":"","overlay-gradient":""}},"ast-content-background-meta":{"desktop":{"background-color":"var(--ast-global-color-5)","background-image":"","background-repeat":"repeat","background-position":"center center","background-size":"auto","background-attachment":"scroll","background-type":"","background-media":"","overlay-type":"","overlay-color":"","overlay-gradient":""},"tablet":{"background-color":"var(--ast-global-color-5)","background-image":"","background-repeat":"repeat","background-position":"center center","background-size":"auto","background-attachment":"scroll","background-type":"","background-media":"","overlay-type":"","overlay-color":"","overlay-gradient":""},"mobile":{"background-color":"var(--ast-global-color-5)","background-image":"","background-repeat":"repeat","background-position":"center center","background-size":"auto","background-attachment":"scroll","background-type":"","background-media":"","overlay-type":"","overlay-color":"","overlay-gradient":""}},"footnotes":""},"class_list":["post-1426","page","type-page","status-publish","hentry"],"uagb_featured_image_src":{"full":false,"thumbnail":false,"medium":false,"medium_large":false,"large":false,"1536x1536":false,"2048x2048":false},"uagb_author_info":{"display_name":"admin8873","author_link":"https:\/\/sztuka-remontu.pl\/?author=1"},"uagb_comment_info":0,"uagb_excerpt":"Mistrzowie Remontu Autentyczno\u015b\u0107 z pasj\u0105 Nasza Firma Sztuka Remontu to firma specjalizuj\u0105ca si\u0119 we wszelkiego rodzaju pracach budowlanych. Oferujemy kompleksowe [&hellip;]","_links":{"self":[{"href":"https:\/\/sztuka-remontu.pl\/index.php?rest_route=\/wp\/v2\/pages\/1426","targetHints":{"allow":["GET"]}}],"collection":[{"href":"https:\/\/sztuka-remontu.pl\/index.php?rest_route=\/wp\/v2\/pages"}],"about":[{"href":"https:\/\/sztuka-remontu.pl\/index.php?rest_route=\/wp\/v2\/types\/page"}],"author":[{"embeddable":true,"href":"https:\/\/sztuka-remontu.pl\/index.php?rest_route=\/wp\/v2\/users\/1"}],"replies":[{"embeddable":true,"href":"https:\/\/sztuka-remontu.pl\/index.php?rest_route=%2Fwp%2Fv2%2Fcomments&post=1426"}],"version-history":[{"count":6,"href":"https:\/\/sztuka-remontu.pl\/index.php?rest_route=\/wp\/v2\/pages\/1426\/revisions"}],"predecessor-version":[{"id":1701,"href":"https:\/\/sztuka-remontu.pl\/index.php?rest_route=\/wp\/v2\/pages\/1426\/revisions\/1701"}],"wp:attachment":[{"href":"https:\/\/sztuka-remontu.pl\/index.php?rest_route=%2Fwp%2Fv2%2Fmedia&parent=1426"}],"curies":[{"name":"wp","href":"https:\/\/api.w.org\/{rel}","templated":true}]}}